{"id":2,"date":"2024-06-01T17:51:51","date_gmt":"2024-06-01T17:51:51","guid":{"rendered":"https:\/\/adrianaugusto.com\/?page_id=2"},"modified":"2024-07-04T20:44:51","modified_gmt":"2024-07-04T20:44:51","slug":"sample-page","status":"publish","type":"page","link":"https:\/\/adrianaugusto.com\/?page_id=2","title":{"rendered":"Acerca de m\u00ed"},"content":{"rendered":"\n<p><\/p>\n\n\n\n<blockquote class=\"wp-block-quote is-layout-flow wp-block-quote-is-layout-flow\">\n<p>\u00a1Hola! Soy Adri\u00e1n Augusto. Vivo en M\u00e9xico con mi esposo Mario, nuestros gatos y nuestra pastor de brie, Shasta. Hace 11 a\u00f1os, cuando renunci\u00e9 a mi empleo corporativo, comenc\u00e9 a enfocarme en disfrutar mi experiencia de vida y a escuchar mi voz interior. Hoy, sigo atento a mi camino personal de bienestar, decidido a vivir conforme a mis deseos.<\/p>\n\n\n\n<p>Mi pasi\u00f3n es acompa\u00f1ar a otros en su exploraci\u00f3n personal de autoconocimiento, ayud\u00e1ndoles a transitar su propio camino y a experimentar la vida que desean. Integro conceptos de la Ley de la Atracci\u00f3n y pr\u00e1cticas de desarrollo personal y de comportamiento para guiar a mis clientes hacia una transformaci\u00f3n integral y duradera.<\/p>\n\n\n\n<h3 class=\"wp-block-heading\">Caracter\u00edsticas Clave de Mi Coaching:<\/h3>\n\n\n\n<ul class=\"wp-block-list\">\n<li><strong>Enfoque Hol\u00edstico<\/strong>: Aplicaci\u00f3n de la sabidur\u00eda espiritual a la vida diaria. Somos seres vibratorios en un Universo conformado por la atracci\u00f3n de similares, y estamos a cargo de la realizaci\u00f3n de nuestra experiencia de vida.<\/li>\n\n\n\n<li><strong>Sesiones Personalizadas<\/strong>: Adaptadas a los deseos individuales de cada cliente.<\/li>\n\n\n\n<li><strong>Transformaci\u00f3n Integral<\/strong>: Ayudo a alinear los h\u00e1bitos con los objetivos de bienestar y realizaci\u00f3n personal.<\/li>\n\n\n\n<li><strong>Premisa de mi trabajo: <\/strong>El camino del bienestar es un camino que se siente bien.<\/li>\n<\/ul>\n\n\n\n<p>Si sientes que te gustar\u00eda participar en mi programa de coaching, env\u00edame un whatsapp al (52) 844.286.2137 <\/p>\n\n\n\n<p>\u00a1Estoy aqu\u00ed para acompa\u00f1arte en cada paso del camino!<\/p>\n<\/blockquote>\n\n\n\n<p><\/p>\n\n\n\n<p><\/p>\n","protected":false},"excerpt":{"rendered":"","protected":false},"author":1,"featured_media":0,"parent":0,"menu_order":0,"comment_status":"closed","ping_status":"open","template":"","meta":{"footnotes":""},"class_list":["post-2","page","type-page","status-publish","hentry"],"_links":{"self":[{"href":"https:\/\/adrianaugusto.com\/index.php?rest_route=\/wp\/v2\/pages\/2","targetHints":{"allow":["GET"]}}],"collection":[{"href":"https:\/\/adrianaugusto.com\/index.php?rest_route=\/wp\/v2\/pages"}],"about":[{"href":"https:\/\/adrianaugusto.com\/index.php?rest_route=\/wp\/v2\/types\/page"}],"author":[{"embeddable":true,"href":"https:\/\/adrianaugusto.com\/index.php?rest_route=\/wp\/v2\/users\/1"}],"replies":[{"embeddable":true,"href":"https:\/\/adrianaugusto.com\/index.php?rest_route=%2Fwp%2Fv2%2Fcomments&post=2"}],"version-history":[{"count":3,"href":"https:\/\/adrianaugusto.com\/index.php?rest_route=\/wp\/v2\/pages\/2\/revisions"}],"predecessor-version":[{"id":12,"href":"https:\/\/adrianaugusto.com\/index.php?rest_route=\/wp\/v2\/pages\/2\/revisions\/12"}],"wp:attachment":[{"href":"https:\/\/adrianaugusto.com\/index.php?rest_route=%2Fwp%2Fv2%2Fmedia&parent=2"}],"curies":[{"name":"wp","href":"https:\/\/api.w.org\/{rel}","templated":true}]}}